{"id":469,"date":"2024-03-12T18:14:47","date_gmt":"2024-03-12T18:14:47","guid":{"rendered":"https:\/\/www.kuzeyyildizidagcilik.com\/?page_id=469"},"modified":"2024-03-15T22:09:46","modified_gmt":"2024-03-15T22:09:46","slug":"egitim-talep-formu","status":"publish","type":"page","link":"https:\/\/www.kuzeyyildizidagcilik.com\/index.php\/egitim-talep-formu\/","title":{"rendered":"E\u011fitim Talep Formu"},"content":{"rendered":"<div>\n<p>        <img decoding=\"async\" src=\"\/wp-content\/uploads\/2023\/12\/IMG_9795-scaled.jpg\" alt=\"Spor T\u0131rman\u0131\u015f\"><\/p>\n<h2>E\u011fitim Talep<\/h2>\n<div>\n<p><span>Kul\u00fcb\u00fcm\u00fcz Da\u011fc\u0131l\u0131k ve Spor T\u0131rman\u0131\u015f e\u011fitimlerini kendi b\u00fcnyesinde verme imkanlar\u0131na sahip olup, yeterli kat\u0131l\u0131mc\u0131 say\u0131s\u0131na ula\u015ft\u0131\u011f\u0131 taktirde bran\u015f\u0131nda tecr\u00fcbeli antren\u00f6rlerimiz taraf\u0131ndan da\u011fc\u0131l\u0131k ve spor t\u0131rman\u0131\u015f bran\u015flar\u0131nda e\u011fitim faaliyeti ger\u00e7ekle\u015ftirmektedir. Bu alandaki form sadece a\u00e7\u0131lmas\u0131n\u0131 istedi\u011finiz e\u011fitimler i\u00e7in talep niteli\u011findedir. Talep do\u011frultusunda a\u00e7\u0131lacak olan e\u011fitimler \u00f6ncelikli olarak Rize veya e\u011fitime uygun olan en yak\u0131n b\u00f6lgelerde ger\u00e7ekle\u015fecektir.<\/span><\/p>\n<\/div>\n<\/div>\n<div>\n<p>        <img decoding=\"async\" src=\"\/wp-content\/uploads\/2023\/12\/1.jpg\" alt=\"Spor T\u0131rman\u0131\u015f\"><\/p>\n<h2>S\u00fcre\u00e7 Nas\u0131l \u0130\u015fliyor ?<\/h2>\n<div>\n<p><span>Yapt\u0131\u011f\u0131n\u0131z e\u011fitim talepleri do\u011frultusunda kurs i\u00e7in yeterli say\u0131ya ula\u015ft\u0131\u011f\u0131m\u0131zda y\u00f6netim kurulu toplant\u0131s\u0131nda e\u011fitim i\u00e7in planlamalar\u0131 yap\u0131yoruz. Yap\u0131lan planlamalar sonucundan federasyon ile gerekli yaz\u0131\u015fmalar yap\u0131larak onay al\u0131yoruz. Federasyon taraf\u0131ndan geri d\u00f6n\u00fc\u015f yap\u0131ld\u0131ktan sonra siz kursiyerlere mail veya telefon yolu ile e\u011fitim plan\u0131 hakk\u0131nda bilgilendirme yap\u0131yoruz. Gerekli \u015fartlar sa\u011fland\u0131\u011f\u0131nda as\u0131l ba\u015fvurunuzu al\u0131p e\u011fitimimize kat\u0131l\u0131m sa\u011fl\u0131yorsunuz. E\u011fitim sonundaki s\u0131navdan ba\u015far\u0131l\u0131 oldu\u011funuz takdirde, T\u00fcrkiye Da\u011fc\u0131l\u0131k Federasyonu taraf\u0131ndan sisteme kayd\u0131n\u0131z i\u015fleniyor ve bir sonraki e\u011fitime kat\u0131lma hakk\u0131 kazan\u0131yorsunuz.<\/span><\/p>\n<\/div>\n<\/div>\n<hr>\n<h1>\n<h3 style=\"text-align: center;\">Talepte bulunmak istedi\u011finiz e\u011fitim i\u00e7in forumu doldurunuz<\/h3>\n<\/h1>\n<div>\n<p style=\"text-align: center;\"><em>&#8220;\u0130lk yard\u0131mc\u0131 belgesi olmayan veya s\u00fcresi bitmi\u015f olan ki\u015filer federasyona ait hi\u00e7 bir e\u011fitime kat\u0131l\u0131m sa\u011flayamazlar.&#8221;<\/em><\/p>\n<\/div>\n<div>\n\n<div class=\"wpcf7 no-js\" id=\"wpcf7-f471-o1\" lang=\"tr-TR\" dir=\"ltr\" data-wpcf7-id=\"471\">\n<div class=\"screen-reader-response\"><p role=\"status\" aria-live=\"polite\" aria-atomic=\"true\"><\/p> <ul><\/ul><\/div>\n<form action=\"\/index.php\/wp-json\/wp\/v2\/pages\/469#wpcf7-f471-o1\" method=\"post\" class=\"wpcf7-form init\" aria-label=\"\u0130leti\u015fim Formu\" novalidate=\"novalidate\" data-status=\"init\">\n<fieldset class=\"hidden-fields-container\"><input type=\"hidden\" name=\"_wpcf7\" value=\"471\" \/><input type=\"hidden\" name=\"_wpcf7_version\" value=\"6.1.4\" \/><input type=\"hidden\" name=\"_wpcf7_locale\" value=\"tr_TR\" \/><input type=\"hidden\" name=\"_wpcf7_unit_tag\" value=\"wpcf7-f471-o1\" \/><input type=\"hidden\" name=\"_wpcf7_container_post\" value=\"0\" \/><input type=\"hidden\" name=\"_wpcf7_posted_data_hash\" value=\"\" \/>\n<\/fieldset>\n<div class=\"uk-grid-margin uk-first-column\">\n\t<p>Talep Etti\u011finiz E\u011fitimi se\u00e7iniz.<br \/>\n<span class=\"wpcf7-form-control-wrap\" data-name=\"TALEPEDILENEGITIM\"><select class=\"wpcf7-form-control wpcf7-select wpcf7-validates-as-required el-input uk-input\" aria-required=\"true\" aria-invalid=\"false\" name=\"TALEPEDILENEGITIM\"><option value=\"\">&#8212;L\u00fctfen bir se\u00e7enek se\u00e7in&#8212;<\/option><option value=\"Da\u011fc\u0131l\u0131k E\u011fitimi\">Da\u011fc\u0131l\u0131k E\u011fitimi<\/option><option value=\"Spor T\u0131rman\u0131\u015f E\u011fitimi\">Spor T\u0131rman\u0131\u015f E\u011fitimi<\/option><option value=\"\u0130lk Yard\u0131m E\u011fitimi\">\u0130lk Yard\u0131m E\u011fitimi<\/option><\/select><\/span>\n\t<\/p>\n<\/div>\n<div class=\"uk-grid-margin uk-first-column\">\n\t<p>Ad Soyad:<span class=\"wpcf7-form-control-wrap\" data-name=\"ADSOYAD\"><input size=\"40\" maxlength=\"400\" class=\"wpcf7-form-control wpcf7-text wpcf7-validates-as-required el-input uk-input\" aria-required=\"true\" aria-invalid=\"false\" value=\"\" type=\"text\" name=\"ADSOYAD\" \/><\/span>\n\t<\/p>\n<\/div>\n<div class=\"uk-child-width-1-2@s uk-grid\" uk-grid=\"\">\n\t<div class=\"uk-first-column\">\n\t\t<p>\u015eehir:<span class=\"wpcf7-form-control-wrap\" data-name=\"SEHIR\"><input size=\"40\" maxlength=\"400\" class=\"wpcf7-form-control wpcf7-text wpcf7-validates-as-required el-input uk-input\" aria-required=\"true\" aria-invalid=\"false\" value=\"\" type=\"text\" name=\"SEHIR\" \/><\/span>\n\t\t<\/p>\n\t<\/div>\n\t<div>\n\t\t<p>Do\u011fum Tarihi:<span class=\"wpcf7-form-control-wrap\" data-name=\"DOGUMTARIHI\"><input class=\"wpcf7-form-control wpcf7-date wpcf7-validates-as-required wpcf7-validates-as-date el-input uk-input\" aria-required=\"true\" aria-invalid=\"false\" value=\"\" type=\"date\" name=\"DOGUMTARIHI\" \/><\/span>\n\t\t<\/p>\n\t<\/div>\n<\/div>\n<div class=\"uk-child-width-1-2@s uk-grid\" uk-grid=\"\">\n\t<div class=\"uk-first-column\">\n\t\t<p>TC Kimlik No:<span class=\"wpcf7-form-control-wrap\" data-name=\"TC\"><input size=\"40\" maxlength=\"400\" class=\"wpcf7-form-control wpcf7-text wpcf7-validates-as-required el-input uk-input\" aria-required=\"true\" aria-invalid=\"false\" value=\"\" type=\"text\" name=\"TC\" \/><\/span>\n\t\t<\/p>\n\t<\/div>\n\t<div>\n\t\t<p>Var \u0130se Lisans Numaran\u0131z\u0131 XX-XX-XXXXXX \u015eeklinde Giriniz:<span class=\"wpcf7-form-control-wrap\" data-name=\"LISANS\"><input size=\"40\" maxlength=\"400\" class=\"wpcf7-form-control wpcf7-text el-input uk-input\" aria-invalid=\"false\" value=\"\" type=\"text\" name=\"LISANS\" \/><\/span>\n\t\t<\/p>\n\t<\/div>\n<\/div>\n<div class=\"uk-child-width-1-2@s uk-grid\" uk-grid=\"\">\n\t<div class=\"uk-first-column\">\n\t\t<p>Telefon:<span class=\"wpcf7-form-control-wrap\" data-name=\"TEL\"><input size=\"40\" maxlength=\"400\" class=\"wpcf7-form-control wpcf7-tel wpcf7-validates-as-required wpcf7-text wpcf7-validates-as-tel el-input uk-input\" aria-required=\"true\" aria-invalid=\"false\" value=\"\" type=\"tel\" name=\"TEL\" \/><\/span>\n\t\t<\/p>\n\t<\/div>\n\t<div>\n\t\t<p>E-mail Adres:<span class=\"wpcf7-form-control-wrap\" data-name=\"E-MAIL\"><input size=\"40\" maxlength=\"400\" class=\"wpcf7-form-control wpcf7-email wpcf7-validates-as-required wpcf7-text wpcf7-validates-as-email el-input uk-input\" aria-required=\"true\" aria-invalid=\"false\" value=\"\" type=\"email\" name=\"E-MAIL\" \/><\/span>\n\t\t<\/p>\n\t<\/div>\n<\/div>\n<div class=\"uk-child-width-1-2@s uk-grid\" uk-grid=\"\">\n\t<div class=\"uk-first-column\">\n\t\t<p>\u0130lk Yard\u0131mc\u0131 Belgesi<span class=\"wpcf7-form-control-wrap\" data-name=\"ILKYARDIM\"><select class=\"wpcf7-form-control wpcf7-select wpcf7-validates-as-required el-input uk-input\" aria-required=\"true\" aria-invalid=\"false\" name=\"ILKYARDIM\"><option value=\"\">&#8212;L\u00fctfen bir se\u00e7enek se\u00e7in&#8212;<\/option><option value=\"Var\">Var<\/option><option value=\"Yok\">Yok<\/option><\/select><\/span>\n\t\t<\/p>\n\t<\/div>\n\t<div>\n\t\t<p>Eklemek istedi\u011finiz mesaj\u0131n\u0131z:<span class=\"wpcf7-form-control-wrap\" data-name=\"MESAJ\"><textarea cols=\"40\" rows=\"10\" maxlength=\"2000\" class=\"wpcf7-form-control wpcf7-textarea el-input uk-input\" aria-invalid=\"false\" name=\"MESAJ\"><\/textarea><\/span>\n\t\t<\/p>\n\t<\/div>\n<\/div>\n<p><input class=\"wpcf7-form-control wpcf7-submit has-spinner el-button uk-button uk-button-primary\" type=\"submit\" value=\"G\u00f6nder\" \/><br \/>\n<hr \/>\n<\/p>\n<p class=\"has-text-align-center\"><strong><em>Kuzey Y\u0131ld\u0131z\u0131 Da\u011fc\u0131l\u0131k ve Do\u011fa Sporlar\u0131 \u0130htisas Spor Kul\u00fcb\u00fc<\/em><\/strong>\n<\/p><p style=\"display: none !important;\" class=\"akismet-fields-container\" data-prefix=\"_wpcf7_ak_\"><label>&#916;<textarea name=\"_wpcf7_ak_hp_textarea\" cols=\"45\" rows=\"8\" maxlength=\"100\"><\/textarea><\/label><input type=\"hidden\" id=\"ak_js_1\" name=\"_wpcf7_ak_js\" value=\"179\"\/><script>document.getElementById( \"ak_js_1\" ).setAttribute( \"value\", ( new Date() ).getTime() );<\/script><\/p><div class=\"wpcf7-response-output\" aria-hidden=\"true\"><\/div>\n<\/form>\n<\/div>\n<\/div>\n<p><!--more--><br \/>\n<!-- {\"type\":\"layout\",\"children\":[{\"type\":\"section\",\"props\":{\"animation\":\"slide-left-medium\",\"image_position\":\"center-center\",\"overlap\":true,\"style\":\"default\",\"title\":\"E\\u011fitim Talep Bilgilendirme\",\"title_breakpoint\":\"xl\",\"title_position\":\"top-left\",\"title_rotation\":\"left\",\"vertical_align\":\"middle\",\"width\":\"default\"},\"children\":[{\"type\":\"row\",\"children\":[{\"type\":\"column\",\"props\":{\"image_position\":\"center-center\",\"position_sticky_breakpoint\":\"m\"},\"children\":[{\"type\":\"panel\",\"props\":{\"content\":\"\n\n<p><span>Kul\\u00fcb\\u00fcm\\u00fcz Da\\u011fc\\u0131l\\u0131k ve Spor T\\u0131rman\\u0131\\u015f e\\u011fitimlerini kendi b\\u00fcnyesinde verme imkanlar\\u0131na sahip olup, yeterli kat\\u0131l\\u0131mc\\u0131 say\\u0131s\\u0131na ula\\u015ft\\u0131\\u011f\\u0131 taktirde bran\\u015f\\u0131nda tecr\\u00fcbeli antren\\u00f6rlerimiz taraf\\u0131ndan da\\u011fc\\u0131l\\u0131k ve spor t\\u0131rman\\u0131\\u015f bran\\u015flar\\u0131nda e\\u011fitim faaliyeti ger\\u00e7ekle\\u015ftirmektedir. Bu alandaki form sadece a\\u00e7\\u0131lmas\\u0131n\\u0131 istedi\\u011finiz e\\u011fitimler i\\u00e7in talep niteli\\u011findedir. Talep do\\u011frultusunda a\\u00e7\\u0131lacak olan e\\u011fitimler \\u00f6ncelikli olarak Rize veya e\\u011fitime uygun olan en yak\\u0131n b\\u00f6lgelerde ger\\u00e7ekle\\u015fecektir.<\\\/span><\\\/p>\",\"content_align\":false,\"content_column_breakpoint\":\"m\",\"content_dropcap\":true,\"icon_width\":80,\"image\":\"wp-content\\\/uploads\\\/2023\\\/12\\\/IMG_9795-scaled.jpg\",\"image_align\":\"right\",\"image_alt\":\"Spor T\\u0131rman\\u0131\\u015f\",\"image_border\":\"rounded\",\"image_box_decoration\":\"mask\",\"image_box_shadow\":\"medium\",\"image_grid_breakpoint\":\"m\",\"image_grid_width\":\"auto\",\"image_height\":\"350\",\"image_loading\":false,\"image_svg_color\":\"emphasis\",\"link_style\":\"default\",\"link_text\":\"Read more\",\"margin\":\"default\",\"meta\":\"\",\"meta_align\":\"below-title\",\"meta_element\":\"div\",\"meta_style\":\"text-meta\",\"title\":\"E\\u011fitim Talep\",\"title_align\":\"top\",\"title_color\":\"primary\",\"title_decoration\":\"divider\",\"title_element\":\"h2\",\"title_font_family\":\"default\",\"title_grid_breakpoint\":\"m\",\"title_grid_width\":\"1-2\",\"title_hover_style\":\"reset\",\"title_style\":\"h2\"}},{\"type\":\"panel\",\"props\":{\"content\":\"\n\n<p><span>Yapt\\u0131\\u011f\\u0131n\\u0131z e\\u011fitim talepleri do\\u011frultusunda kurs i\\u00e7in yeterli say\\u0131ya ula\\u015ft\\u0131\\u011f\\u0131m\\u0131zda y\\u00f6netim kurulu toplant\\u0131s\\u0131nda e\\u011fitim i\\u00e7in planlamalar\\u0131 yap\\u0131yoruz. Yap\\u0131lan planlamalar sonucundan federasyon ile gerekli yaz\\u0131\\u015fmalar yap\\u0131larak onay al\\u0131yoruz. Federasyon taraf\\u0131ndan geri d\\u00f6n\\u00fc\\u015f yap\\u0131ld\\u0131ktan sonra siz kursiyerlere mail veya telefon yolu ile e\\u011fitim plan\\u0131 hakk\\u0131nda bilgilendirme yap\\u0131yoruz. Gerekli \\u015fartlar sa\\u011fland\\u0131\\u011f\\u0131nda as\\u0131l ba\\u015fvurunuzu al\\u0131p e\\u011fitimimize kat\\u0131l\\u0131m sa\\u011fl\\u0131yorsunuz. E\\u011fitim sonundaki s\\u0131navdan ba\\u015far\\u0131l\\u0131 oldu\\u011funuz takdirde, T\\u00fcrkiye Da\\u011fc\\u0131l\\u0131k Federasyonu taraf\\u0131ndan sisteme kayd\\u0131n\\u0131z i\\u015fleniyor ve bir sonraki e\\u011fitime kat\\u0131lma hakk\\u0131 kazan\\u0131yorsunuz.<\\\/span><\\\/p>\",\"content_align\":false,\"content_column_breakpoint\":\"m\",\"content_dropcap\":true,\"icon_width\":80,\"image\":\"wp-content\\\/uploads\\\/2023\\\/12\\\/1.jpg\",\"image_align\":\"left\",\"image_alt\":\"Spor T\\u0131rman\\u0131\\u015f\",\"image_border\":\"rounded\",\"image_box_decoration\":\"mask\",\"image_box_shadow\":\"medium\",\"image_grid_breakpoint\":\"m\",\"image_grid_width\":\"auto\",\"image_height\":\"350\",\"image_loading\":false,\"image_svg_color\":\"emphasis\",\"link_style\":\"default\",\"link_text\":\"Read more\",\"margin\":\"default\",\"meta\":\"\",\"meta_align\":\"below-title\",\"meta_element\":\"div\",\"meta_style\":\"text-meta\",\"title\":\"S\\u00fcre\\u00e7 Nas\\u0131l \\u0130\\u015fliyor ?\",\"title_align\":\"top\",\"title_color\":\"primary\",\"title_decoration\":\"divider\",\"title_element\":\"h2\",\"title_font_family\":\"default\",\"title_grid_breakpoint\":\"m\",\"title_grid_width\":\"1-2\",\"title_hover_style\":\"reset\",\"title_style\":\"h2\"}}]}]}]},{\"type\":\"section\",\"props\":{\"animation\":\"slide-right-medium\",\"header_transparent_noplaceholder\":false,\"image_position\":\"center-center\",\"overlap\":true,\"padding_remove_bottom\":false,\"padding_remove_horizontal\":false,\"style\":\"muted\",\"title\":\"E\\u011fitim Talep Formu\",\"title_breakpoint\":\"xl\",\"title_position\":\"top-left\",\"title_rotation\":\"left\",\"vertical_align\":\"middle\",\"width\":\"default\"},\"children\":[{\"type\":\"row\",\"children\":[{\"type\":\"column\",\"props\":{\"image_position\":\"center-center\",\"position_sticky_breakpoint\":\"m\"},\"children\":[{\"type\":\"divider\",\"props\":{\"divider_element\":\"hr\",\"divider_style\":\"icon\"}},{\"type\":\"headline\",\"props\":{\"content\":\"\n\n<h3 style=\\\"text-align: center;\\\">Talepte bulunmak istedi\\u011finiz e\\u011fitim i\\u00e7in forumu doldurunuz<\\\/h3>\",\"title_element\":\"h1\"}},{\"type\":\"text\",\"props\":{\"column_breakpoint\":\"m\",\"content\":\"\n\n<p style=\\\"text-align: center;\\\"><em>\\\"\\u0130lk yard\\u0131mc\\u0131 belgesi olmayan veya s\\u00fcresi bitmi\\u015f olan ki\\u015filer federasyona ait hi\\u00e7 bir e\\u011fitime kat\\u0131l\\u0131m sa\\u011flayamazlar.\\\"<\\\/em><\\\/p>\",\"margin\":\"default\"}},{\"type\":\"html\",\"props\":{\"content\":\"[contact-form-7 id=\\\"5b90735\\\" title=\\\"EG\\u0130T\\u0130MTALEPFORM\\\"]\"}}]}]}]}],\"version\":\"4.2.11\"} --><\/p>\n","protected":false},"excerpt":{"rendered":"<p>E\u011fitim Talep Kul\u00fcb\u00fcm\u00fcz Da\u011fc\u0131l\u0131k ve Spor T\u0131rman\u0131\u015f e\u011fitimlerini kendi b\u00fcnyesinde verme imkanlar\u0131na sahip olup, yeterli kat\u0131l\u0131mc\u0131 say\u0131s\u0131na ula\u015ft\u0131\u011f\u0131 taktirde bran\u015f\u0131nda tecr\u00fcbeli antren\u00f6rlerimiz taraf\u0131ndan da\u011fc\u0131l\u0131k ve spor t\u0131rman\u0131\u015f bran\u015flar\u0131nda e\u011fitim faaliyeti ger\u00e7ekle\u015ftirmektedir. Bu alandaki form sadece a\u00e7\u0131lmas\u0131n\u0131 istedi\u011finiz e\u011fitimler i\u00e7in talep niteli\u011findedir. Talep do\u011frultusunda a\u00e7\u0131lacak olan e\u011fitimler \u00f6ncelikli olarak Rize veya e\u011fitime uygun olan en yak\u0131n [&hellip;]<\/p>\n","protected":false},"author":1,"featured_media":0,"parent":0,"menu_order":0,"comment_status":"closed","ping_status":"closed","template":"","meta":{"footnotes":""},"class_list":["post-469","page","type-page","status-publish","hentry"],"yoast_head":"<!-- This site is optimized with the Yoast SEO plugin v26.6 - https:\/\/yoast.com\/wordpress\/plugins\/seo\/ -->\n<title>E\u011fitim Talep Formu &#171; Kuzey Y\u0131ld\u0131z\u0131 Da\u011fc\u0131l\u0131k ve Do\u011fa Sporlar\u0131 \u0130htisas Spor Kul\u00fcb\u00fc<\/title>\n<meta name=\"robots\" content=\"index, follow, max-snippet:-1, max-image-preview:large, max-video-preview:-1\" \/>\n<link rel=\"canonical\" href=\"https:\/\/www.kuzeyyildizidagcilik.com\/index.php\/egitim-talep-formu\/\" \/>\n<meta property=\"og:locale\" content=\"tr_TR\" \/>\n<meta property=\"og:type\" content=\"article\" \/>\n<meta property=\"og:title\" content=\"E\u011fitim Talep Formu &#171; Kuzey Y\u0131ld\u0131z\u0131 Da\u011fc\u0131l\u0131k ve Do\u011fa Sporlar\u0131 \u0130htisas Spor Kul\u00fcb\u00fc\" \/>\n<meta property=\"og:description\" content=\"E\u011fitim Talep Kul\u00fcb\u00fcm\u00fcz Da\u011fc\u0131l\u0131k ve Spor T\u0131rman\u0131\u015f e\u011fitimlerini kendi b\u00fcnyesinde verme imkanlar\u0131na sahip olup, yeterli kat\u0131l\u0131mc\u0131 say\u0131s\u0131na ula\u015ft\u0131\u011f\u0131 taktirde bran\u015f\u0131nda tecr\u00fcbeli antren\u00f6rlerimiz taraf\u0131ndan da\u011fc\u0131l\u0131k ve spor t\u0131rman\u0131\u015f bran\u015flar\u0131nda e\u011fitim faaliyeti ger\u00e7ekle\u015ftirmektedir. Bu alandaki form sadece a\u00e7\u0131lmas\u0131n\u0131 istedi\u011finiz e\u011fitimler i\u00e7in talep niteli\u011findedir. Talep do\u011frultusunda a\u00e7\u0131lacak olan e\u011fitimler \u00f6ncelikli olarak Rize veya e\u011fitime uygun olan en yak\u0131n [&hellip;]\" \/>\n<meta property=\"og:url\" content=\"https:\/\/www.kuzeyyildizidagcilik.com\/index.php\/egitim-talep-formu\/\" \/>\n<meta property=\"og:site_name\" content=\"Kuzey Y\u0131ld\u0131z\u0131 Da\u011fc\u0131l\u0131k ve Do\u011fa Sporlar\u0131 \u0130htisas Spor Kul\u00fcb\u00fc\" \/>\n<meta property=\"article:publisher\" content=\"https:\/\/www.facebook.com\/kuzeyyildizidagcilik\" \/>\n<meta property=\"article:modified_time\" content=\"2024-03-15T22:09:46+00:00\" \/>\n<meta name=\"twitter:card\" content=\"summary_large_image\" \/>\n<meta name=\"twitter:site\" content=\"@kuzeyyildizidag\" \/>\n<meta name=\"twitter:label1\" content=\"Tahmini okuma s\u00fcresi\" \/>\n\t<meta name=\"twitter:data1\" content=\"1 dakika\" \/>\n<script type=\"application\/ld+json\" class=\"yoast-schema-graph\">{\"@context\":\"https:\/\/schema.org\",\"@graph\":[{\"@type\":\"WebPage\",\"@id\":\"https:\/\/www.kuzeyyildizidagcilik.com\/index.php\/egitim-talep-formu\/\",\"url\":\"https:\/\/www.kuzeyyildizidagcilik.com\/index.php\/egitim-talep-formu\/\",\"name\":\"E\u011fitim Talep Formu &#171; Kuzey Y\u0131ld\u0131z\u0131 Da\u011fc\u0131l\u0131k ve Do\u011fa Sporlar\u0131 \u0130htisas Spor Kul\u00fcb\u00fc\",\"isPartOf\":{\"@id\":\"https:\/\/www.kuzeyyildizidagcilik.com\/#website\"},\"datePublished\":\"2024-03-12T18:14:47+00:00\",\"dateModified\":\"2024-03-15T22:09:46+00:00\",\"breadcrumb\":{\"@id\":\"https:\/\/www.kuzeyyildizidagcilik.com\/index.php\/egitim-talep-formu\/#breadcrumb\"},\"inLanguage\":\"tr\",\"potentialAction\":[{\"@type\":\"ReadAction\",\"target\":[\"https:\/\/www.kuzeyyildizidagcilik.com\/index.php\/egitim-talep-formu\/\"]}]},{\"@type\":\"BreadcrumbList\",\"@id\":\"https:\/\/www.kuzeyyildizidagcilik.com\/index.php\/egitim-talep-formu\/#breadcrumb\",\"itemListElement\":[{\"@type\":\"ListItem\",\"position\":1,\"name\":\"Anasayfa\",\"item\":\"https:\/\/www.kuzeyyildizidagcilik.com\/\"},{\"@type\":\"ListItem\",\"position\":2,\"name\":\"E\u011fitim Talep Formu\"}]},{\"@type\":\"WebSite\",\"@id\":\"https:\/\/www.kuzeyyildizidagcilik.com\/#website\",\"url\":\"https:\/\/www.kuzeyyildizidagcilik.com\/\",\"name\":\"Kuzey Y\u0131ld\u0131z\u0131 Da\u011fc\u0131l\u0131k ve Do\u011fa Sporlar\u0131 \u0130htisas Kul\u00fcb\u00fc\",\"description\":\"Maceran\u0131n Y\u00fckseli\u015fle Bulu\u015ftu\u011fu Yer!\",\"publisher\":{\"@id\":\"https:\/\/www.kuzeyyildizidagcilik.com\/#organization\"},\"potentialAction\":[{\"@type\":\"SearchAction\",\"target\":{\"@type\":\"EntryPoint\",\"urlTemplate\":\"https:\/\/www.kuzeyyildizidagcilik.com\/?s={search_term_string}\"},\"query-input\":{\"@type\":\"PropertyValueSpecification\",\"valueRequired\":true,\"valueName\":\"search_term_string\"}}],\"inLanguage\":\"tr\"},{\"@type\":\"Organization\",\"@id\":\"https:\/\/www.kuzeyyildizidagcilik.com\/#organization\",\"name\":\"Kuzey Y\u0131ld\u0131z\u0131 Da\u011fc\u0131l\u0131k ve Do\u011fa Sporlar\u0131 \u0130htisas Kul\u00fcb\u00fc\",\"url\":\"https:\/\/www.kuzeyyildizidagcilik.com\/\",\"logo\":{\"@type\":\"ImageObject\",\"inLanguage\":\"tr\",\"@id\":\"https:\/\/www.kuzeyyildizidagcilik.com\/#\/schema\/logo\/image\/\",\"url\":\"https:\/\/www.kuzeyyildizidagcilik.com\/wp-content\/uploads\/2022\/12\/Kuzey-Yildizi-Dagcilik-ve-Doga-Sporlari-Ihtisas-Kulubu-Logo.png\",\"contentUrl\":\"https:\/\/www.kuzeyyildizidagcilik.com\/wp-content\/uploads\/2022\/12\/Kuzey-Yildizi-Dagcilik-ve-Doga-Sporlari-Ihtisas-Kulubu-Logo.png\",\"width\":512,\"height\":512,\"caption\":\"Kuzey Y\u0131ld\u0131z\u0131 Da\u011fc\u0131l\u0131k ve Do\u011fa Sporlar\u0131 \u0130htisas Kul\u00fcb\u00fc\"},\"image\":{\"@id\":\"https:\/\/www.kuzeyyildizidagcilik.com\/#\/schema\/logo\/image\/\"},\"sameAs\":[\"https:\/\/www.facebook.com\/kuzeyyildizidagcilik\",\"https:\/\/x.com\/kuzeyyildizidag\",\"https:\/\/www.instagram.com\/kuzeyyildizidagcilik\/\"]}]}<\/script>\n<!-- \/ Yoast SEO plugin. -->","yoast_head_json":{"title":"E\u011fitim Talep Formu &#171; Kuzey Y\u0131ld\u0131z\u0131 Da\u011fc\u0131l\u0131k ve Do\u011fa Sporlar\u0131 \u0130htisas Spor Kul\u00fcb\u00fc","robots":{"index":"index","follow":"follow","max-snippet":"max-snippet:-1","max-image-preview":"max-image-preview:large","max-video-preview":"max-video-preview:-1"},"canonical":"https:\/\/www.kuzeyyildizidagcilik.com\/index.php\/egitim-talep-formu\/","og_locale":"tr_TR","og_type":"article","og_title":"E\u011fitim Talep Formu &#171; Kuzey Y\u0131ld\u0131z\u0131 Da\u011fc\u0131l\u0131k ve Do\u011fa Sporlar\u0131 \u0130htisas Spor Kul\u00fcb\u00fc","og_description":"E\u011fitim Talep Kul\u00fcb\u00fcm\u00fcz Da\u011fc\u0131l\u0131k ve Spor T\u0131rman\u0131\u015f e\u011fitimlerini kendi b\u00fcnyesinde verme imkanlar\u0131na sahip olup, yeterli kat\u0131l\u0131mc\u0131 say\u0131s\u0131na ula\u015ft\u0131\u011f\u0131 taktirde bran\u015f\u0131nda tecr\u00fcbeli antren\u00f6rlerimiz taraf\u0131ndan da\u011fc\u0131l\u0131k ve spor t\u0131rman\u0131\u015f bran\u015flar\u0131nda e\u011fitim faaliyeti ger\u00e7ekle\u015ftirmektedir. Bu alandaki form sadece a\u00e7\u0131lmas\u0131n\u0131 istedi\u011finiz e\u011fitimler i\u00e7in talep niteli\u011findedir. Talep do\u011frultusunda a\u00e7\u0131lacak olan e\u011fitimler \u00f6ncelikli olarak Rize veya e\u011fitime uygun olan en yak\u0131n [&hellip;]","og_url":"https:\/\/www.kuzeyyildizidagcilik.com\/index.php\/egitim-talep-formu\/","og_site_name":"Kuzey Y\u0131ld\u0131z\u0131 Da\u011fc\u0131l\u0131k ve Do\u011fa Sporlar\u0131 \u0130htisas Spor Kul\u00fcb\u00fc","article_publisher":"https:\/\/www.facebook.com\/kuzeyyildizidagcilik","article_modified_time":"2024-03-15T22:09:46+00:00","twitter_card":"summary_large_image","twitter_site":"@kuzeyyildizidag","twitter_misc":{"Tahmini okuma s\u00fcresi":"1 dakika"},"schema":{"@context":"https:\/\/schema.org","@graph":[{"@type":"WebPage","@id":"https:\/\/www.kuzeyyildizidagcilik.com\/index.php\/egitim-talep-formu\/","url":"https:\/\/www.kuzeyyildizidagcilik.com\/index.php\/egitim-talep-formu\/","name":"E\u011fitim Talep Formu &#171; Kuzey Y\u0131ld\u0131z\u0131 Da\u011fc\u0131l\u0131k ve Do\u011fa Sporlar\u0131 \u0130htisas Spor Kul\u00fcb\u00fc","isPartOf":{"@id":"https:\/\/www.kuzeyyildizidagcilik.com\/#website"},"datePublished":"2024-03-12T18:14:47+00:00","dateModified":"2024-03-15T22:09:46+00:00","breadcrumb":{"@id":"https:\/\/www.kuzeyyildizidagcilik.com\/index.php\/egitim-talep-formu\/#breadcrumb"},"inLanguage":"tr","potentialAction":[{"@type":"ReadAction","target":["https:\/\/www.kuzeyyildizidagcilik.com\/index.php\/egitim-talep-formu\/"]}]},{"@type":"BreadcrumbList","@id":"https:\/\/www.kuzeyyildizidagcilik.com\/index.php\/egitim-talep-formu\/#breadcrumb","itemListElement":[{"@type":"ListItem","position":1,"name":"Anasayfa","item":"https:\/\/www.kuzeyyildizidagcilik.com\/"},{"@type":"ListItem","position":2,"name":"E\u011fitim Talep Formu"}]},{"@type":"WebSite","@id":"https:\/\/www.kuzeyyildizidagcilik.com\/#website","url":"https:\/\/www.kuzeyyildizidagcilik.com\/","name":"Kuzey Y\u0131ld\u0131z\u0131 Da\u011fc\u0131l\u0131k ve Do\u011fa Sporlar\u0131 \u0130htisas Kul\u00fcb\u00fc","description":"Maceran\u0131n Y\u00fckseli\u015fle Bulu\u015ftu\u011fu Yer!","publisher":{"@id":"https:\/\/www.kuzeyyildizidagcilik.com\/#organization"},"potentialAction":[{"@type":"SearchAction","target":{"@type":"EntryPoint","urlTemplate":"https:\/\/www.kuzeyyildizidagcilik.com\/?s={search_term_string}"},"query-input":{"@type":"PropertyValueSpecification","valueRequired":true,"valueName":"search_term_string"}}],"inLanguage":"tr"},{"@type":"Organization","@id":"https:\/\/www.kuzeyyildizidagcilik.com\/#organization","name":"Kuzey Y\u0131ld\u0131z\u0131 Da\u011fc\u0131l\u0131k ve Do\u011fa Sporlar\u0131 \u0130htisas Kul\u00fcb\u00fc","url":"https:\/\/www.kuzeyyildizidagcilik.com\/","logo":{"@type":"ImageObject","inLanguage":"tr","@id":"https:\/\/www.kuzeyyildizidagcilik.com\/#\/schema\/logo\/image\/","url":"https:\/\/www.kuzeyyildizidagcilik.com\/wp-content\/uploads\/2022\/12\/Kuzey-Yildizi-Dagcilik-ve-Doga-Sporlari-Ihtisas-Kulubu-Logo.png","contentUrl":"https:\/\/www.kuzeyyildizidagcilik.com\/wp-content\/uploads\/2022\/12\/Kuzey-Yildizi-Dagcilik-ve-Doga-Sporlari-Ihtisas-Kulubu-Logo.png","width":512,"height":512,"caption":"Kuzey Y\u0131ld\u0131z\u0131 Da\u011fc\u0131l\u0131k ve Do\u011fa Sporlar\u0131 \u0130htisas Kul\u00fcb\u00fc"},"image":{"@id":"https:\/\/www.kuzeyyildizidagcilik.com\/#\/schema\/logo\/image\/"},"sameAs":["https:\/\/www.facebook.com\/kuzeyyildizidagcilik","https:\/\/x.com\/kuzeyyildizidag","https:\/\/www.instagram.com\/kuzeyyildizidagcilik\/"]}]}},"_links":{"self":[{"href":"https:\/\/www.kuzeyyildizidagcilik.com\/index.php\/wp-json\/wp\/v2\/pages\/469","targetHints":{"allow":["GET"]}}],"collection":[{"href":"https:\/\/www.kuzeyyildizidagcilik.com\/index.php\/wp-json\/wp\/v2\/pages"}],"about":[{"href":"https:\/\/www.kuzeyyildizidagcilik.com\/index.php\/wp-json\/wp\/v2\/types\/page"}],"author":[{"embeddable":true,"href":"https:\/\/www.kuzeyyildizidagcilik.com\/index.php\/wp-json\/wp\/v2\/users\/1"}],"replies":[{"embeddable":true,"href":"https:\/\/www.kuzeyyildizidagcilik.com\/index.php\/wp-json\/wp\/v2\/comments?post=469"}],"version-history":[{"count":26,"href":"https:\/\/www.kuzeyyildizidagcilik.com\/index.php\/wp-json\/wp\/v2\/pages\/469\/revisions"}],"predecessor-version":[{"id":525,"href":"https:\/\/www.kuzeyyildizidagcilik.com\/index.php\/wp-json\/wp\/v2\/pages\/469\/revisions\/525"}],"wp:attachment":[{"href":"https:\/\/www.kuzeyyildizidagcilik.com\/index.php\/wp-json\/wp\/v2\/media?parent=469"}],"curies":[{"name":"wp","href":"https:\/\/api.w.org\/{rel}","templated":true}]}}