{"id":305,"date":"2023-12-21T13:01:11","date_gmt":"2023-12-21T13:01:11","guid":{"rendered":"https:\/\/www.kuzeyyildizidagcilik.com\/?page_id=305"},"modified":"2026-01-07T08:44:18","modified_gmt":"2026-01-07T08:44:18","slug":"bilgi-formlari","status":"publish","type":"page","link":"https:\/\/www.kuzeyyildizidagcilik.com\/index.php\/bilgi-formlari\/","title":{"rendered":"Lisans \u0130\u015flemleri"},"content":{"rendered":"<h1>Lisans \u0130\u015femleri<\/p>\n<div id=\"gtx-trans\" style=\"position: absolute; left: 294px; top: 31px;\">\n<div class=\"gtx-trans-icon\"><\/div>\n<\/div>\n<\/h1>\n<div>\n<ul>\n<li><strong>Kuzey Y\u0131ld\u0131z\u0131 Da\u011fc\u0131l\u0131k ve Do\u011fa Sporlar\u0131 \u0130htisas Spor Kul\u00fcb\u00fcm\u00fcze kat\u0131l\u0131p yeni lisans \u00e7\u0131kartmak veya ba\u015fka kul\u00fcpte ki lisans\u0131n\u0131z\u0131 transfer etmek istiyorsan\u0131z a\u015fa\u011f\u0131daki belgeleri doldurarak \u0131slak imzal\u0131 \u015fekilde bize ula\u015ft\u0131rabilirsiniz. Lisansl\u0131 bir sporcu oldu\u011funuz takdirde sezon i\u00e7erisinde ki b\u00fct\u00fcn federasyon e\u011fitim, yar\u0131\u015fma ve di\u011fer faaliyetlere kat\u0131lma hakk\u0131n\u0131z olur, ayn\u0131 zamanda bu aktiviteleriniz resmi olarak lisans\u0131n\u0131za i\u015flenir.\u00a0<br \/><\/strong>\u00a0<\/li>\n<li><strong>T\u00fcrkiye Da\u011fc\u0131l\u0131k Federasyonu olarak vize i\u015flemleri her y\u0131l ilgili talimat kapsam\u0131nda ocak ay\u0131 itibari ile ba\u015flay\u0131p 1 y\u0131ll\u0131k s\u00fcre i\u00e7in olacakt\u0131r. Vizeler her takvim y\u0131l\u0131 i\u00e7in ge\u00e7erli olacakt\u0131r. Ayr\u0131ca\u00a030 ya\u015f \u00fczeri\u00a0<em>(31 ya\u015f\u0131ndan g\u00fcn alanalar)<\/em>\u00a0sporcularda 1 (bir) g\u00fcnl\u00fck memur harc\u0131rah\u0131n\u0131n<em> (2026 y\u0131l\u0131 i\u00e7in 1-4 derece memur i\u00e7in 860<\/em><em>\u20ba<\/em><em>\u00a0dir)\u00a0<\/em> %50 si (430\u20ba) kadar vize \u00fccreti al\u0131nacakt\u0131r. 30 ya\u015f alt\u0131 sporcular ve ilk defa lisans \u00e7\u0131kartan sporculardan ya\u015fa bak\u0131lmaks\u0131z\u0131n vize \u00fccreti al\u0131nmayacakt\u0131r. Vize \u00fccreti yat\u0131rd\u0131 dekontu Gen\u00e7lik ve Spor \u0130l M\u00fcd\u00fcrl\u00fc\u011f\u00fc lisans i\u015fleri b\u00fcrosuna teslim edilecektir.<\/strong><\/li>\n<\/ul>\n<\/div>\n<div>\n<h3 style=\"text-align: center;\"><strong>T\u00fcrkiye Da\u011fc\u0131l\u0131k Federasyonu Banka ve Hesap Bilgileri<\/strong><\/h3>\n<p style=\"text-align: center;\"><strong>Al\u0131c\u0131:<\/strong><span>\u00a0<\/span>T\u00fcrkiye Da\u011fc\u0131l\u0131k Federasyonu Ba\u015fkanl\u0131\u011f\u0131<\/p>\n<p style=\"text-align: center;\"><strong>Banka:<\/strong><span>\u00a0<\/span>T\u00fcrk Ekonomi Bankas\u0131 (TEB)<\/p>\n<p style=\"text-align: center;\"><strong>\u015eube:<\/strong><span>\u00a0<\/span>Ulus Ankara \u015eubesi<\/p>\n<p style=\"text-align: center;\"><strong>IBAN No:<\/strong>\u00a0TR<span class=\"wmi-callto\">32 0003 2000 0000 0060 7704 27<\/span><\/p>\n<\/div>\n<p><!--more--><br \/>\n<!-- {\"type\":\"layout\",\"children\":[{\"type\":\"section\",\"props\":{\"animation\":\"slide-right-medium\",\"image_position\":\"center-center\",\"overlap\":true,\"padding_remove_horizontal\":false,\"style\":\"primary\",\"title\":\"Lisans \\u0130\\u015flemleri\",\"title_breakpoint\":\"xl\",\"title_position\":\"top-left\",\"title_rotation\":\"left\",\"vertical_align\":\"middle\",\"width\":\"default\"},\"children\":[{\"type\":\"row\",\"children\":[{\"type\":\"column\",\"props\":{\"image_position\":\"center-center\",\"position_sticky_breakpoint\":\"m\"},\"children\":[{\"type\":\"headline\",\"props\":{\"content\":\"Lisans \\u0130\\u015femleri\\n\n\n<div id=\\\"gtx-trans\\\" style=\\\"position: absolute; left: 294px; top: 31px;\\\">\\n\n\n<div class=\\\"gtx-trans-icon\\\"><\\\/div>\\n<\\\/div>\",\"title_element\":\"h1\"}},{\"type\":\"text\",\"props\":{\"column_breakpoint\":\"m\",\"content\":\"\n\n<ul>\\n\n\n<li><strong>Kuzey Y\\u0131ld\\u0131z\\u0131 Da\\u011fc\\u0131l\\u0131k ve Do\\u011fa Sporlar\\u0131 \\u0130htisas Spor Kul\\u00fcb\\u00fcm\\u00fcze kat\\u0131l\\u0131p yeni lisans \\u00e7\\u0131kartmak veya ba\\u015fka kul\\u00fcpte ki lisans\\u0131n\\u0131z\\u0131 transfer etmek istiyorsan\\u0131z a\\u015fa\\u011f\\u0131daki belgeleri doldurarak \\u0131slak imzal\\u0131 \\u015fekilde bize ula\\u015ft\\u0131rabilirsiniz. Lisansl\\u0131 bir sporcu oldu\\u011funuz takdirde sezon i\\u00e7erisinde ki b\\u00fct\\u00fcn federasyon e\\u011fitim, yar\\u0131\\u015fma ve di\\u011fer faaliyetlere kat\\u0131lma hakk\\u0131n\\u0131z olur, ayn\\u0131 zamanda bu aktiviteleriniz resmi olarak lisans\\u0131n\\u0131za i\\u015flenir.\\u00a0<br \\\/><\\\/strong>\\u00a0<\\\/li>\\n\n\n<li><strong>T\\u00fcrkiye Da\\u011fc\\u0131l\\u0131k Federasyonu olarak vize i\\u015flemleri her y\\u0131l ilgili talimat kapsam\\u0131nda ocak ay\\u0131 itibari ile ba\\u015flay\\u0131p 1 y\\u0131ll\\u0131k s\\u00fcre i\\u00e7in olacakt\\u0131r. Vizeler her takvim y\\u0131l\\u0131 i\\u00e7in ge\\u00e7erli olacakt\\u0131r. Ayr\\u0131ca\\u00a030 ya\\u015f \\u00fczeri\\u00a0<em>(31 ya\\u015f\\u0131ndan g\\u00fcn alanalar)<\\\/em>\\u00a0sporcularda 1 (bir) g\\u00fcnl\\u00fck memur harc\\u0131rah\\u0131n\\u0131n<em> (2026 y\\u0131l\\u0131 i\\u00e7in 1-4 derece memur i\\u00e7in 860<\\\/em><em>\\u20ba<\\\/em><em>\\u00a0dir)\\u00a0<\\\/em> %50 si (430\\u20ba) kadar vize \\u00fccreti al\\u0131nacakt\\u0131r. 30 ya\\u015f alt\\u0131 sporcular ve ilk defa lisans \\u00e7\\u0131kartan sporculardan ya\\u015fa bak\\u0131lmaks\\u0131z\\u0131n vize \\u00fccreti al\\u0131nmayacakt\\u0131r. Vize \\u00fccreti yat\\u0131rd\\u0131 dekontu Gen\\u00e7lik ve Spor \\u0130l M\\u00fcd\\u00fcrl\\u00fc\\u011f\\u00fc lisans i\\u015fleri b\\u00fcrosuna teslim edilecektir.<\\\/strong><\\\/li>\\n<\\\/ul>\\n\n\n<p><\\\/p>\",\"margin\":\"default\"}},{\"type\":\"module\",\"props\":{\"menu_image_align\":\"center\",\"menu_image_margin\":true,\"menu_style\":\"default\",\"menu_type\":\"nav\",\"type\":\"widgetkit\",\"widget\":\"widgetkit-4\"}},{\"type\":\"text\",\"props\":{\"column_breakpoint\":\"m\",\"content\":\"\n\n<h3 style=\\\"text-align: center;\\\"><strong>T\\u00fcrkiye Da\\u011fc\\u0131l\\u0131k Federasyonu Banka ve Hesap Bilgileri<\\\/strong><\\\/h3>\\n\n\n<p style=\\\"text-align: center;\\\"><strong>Al\\u0131c\\u0131:<\\\/strong><span>\\u00a0<\\\/span>T\\u00fcrkiye Da\\u011fc\\u0131l\\u0131k Federasyonu Ba\\u015fkanl\\u0131\\u011f\\u0131<\\\/p>\\n\n\n<p style=\\\"text-align: center;\\\"><strong>Banka:<\\\/strong><span>\\u00a0<\\\/span>T\\u00fcrk Ekonomi Bankas\\u0131 (TEB)<\\\/p>\\n\n\n<p style=\\\"text-align: center;\\\"><strong>\\u015eube:<\\\/strong><span>\\u00a0<\\\/span>Ulus Ankara \\u015eubesi<\\\/p>\\n\n\n<p style=\\\"text-align: center;\\\"><strong>IBAN No:<\\\/strong>\\u00a0TR<span class=\\\"wmi-callto\\\">32 0003 2000 0000 0060 7704 27<\\\/span><\\\/p>\",\"margin\":\"default\"}}]}],\"props\":{\"divider\":false}}]}],\"version\":\"4.2.11\"} --><\/p>\n","protected":false},"excerpt":{"rendered":"<p>Lisans \u0130\u015femleri Kuzey Y\u0131ld\u0131z\u0131 Da\u011fc\u0131l\u0131k ve Do\u011fa Sporlar\u0131 \u0130htisas Spor Kul\u00fcb\u00fcm\u00fcze kat\u0131l\u0131p yeni lisans \u00e7\u0131kartmak veya ba\u015fka kul\u00fcpte ki lisans\u0131n\u0131z\u0131 transfer etmek istiyorsan\u0131z a\u015fa\u011f\u0131daki belgeleri doldurarak \u0131slak imzal\u0131 \u015fekilde bize ula\u015ft\u0131rabilirsiniz. Lisansl\u0131 bir sporcu oldu\u011funuz takdirde sezon i\u00e7erisinde ki b\u00fct\u00fcn federasyon e\u011fitim, yar\u0131\u015fma ve di\u011fer faaliyetlere kat\u0131lma hakk\u0131n\u0131z olur, ayn\u0131 zamanda bu aktiviteleriniz resmi olarak [&hellip;]<\/p>\n","protected":false},"author":1,"featured_media":0,"parent":0,"menu_order":0,"comment_status":"closed","ping_status":"closed","template":"","meta":{"footnotes":""},"class_list":["post-305","page","type-page","status-publish","hentry"],"yoast_head":"<!-- This site is optimized with the Yoast SEO plugin v26.6 - https:\/\/yoast.com\/wordpress\/plugins\/seo\/ -->\n<title>Lisans \u0130\u015flemleri &#171; Kuzey Y\u0131ld\u0131z\u0131 Da\u011fc\u0131l\u0131k ve Do\u011fa Sporlar\u0131 \u0130htisas Spor Kul\u00fcb\u00fc<\/title>\n<meta name=\"robots\" content=\"index, follow, max-snippet:-1, max-image-preview:large, max-video-preview:-1\" \/>\n<link rel=\"canonical\" href=\"https:\/\/www.kuzeyyildizidagcilik.com\/index.php\/bilgi-formlari\/\" \/>\n<meta property=\"og:locale\" content=\"tr_TR\" \/>\n<meta property=\"og:type\" content=\"article\" \/>\n<meta property=\"og:title\" content=\"Lisans \u0130\u015flemleri &#171; Kuzey Y\u0131ld\u0131z\u0131 Da\u011fc\u0131l\u0131k ve Do\u011fa Sporlar\u0131 \u0130htisas Spor Kul\u00fcb\u00fc\" \/>\n<meta property=\"og:description\" content=\"Lisans \u0130\u015femleri Kuzey Y\u0131ld\u0131z\u0131 Da\u011fc\u0131l\u0131k ve Do\u011fa Sporlar\u0131 \u0130htisas Spor Kul\u00fcb\u00fcm\u00fcze kat\u0131l\u0131p yeni lisans \u00e7\u0131kartmak veya ba\u015fka kul\u00fcpte ki lisans\u0131n\u0131z\u0131 transfer etmek istiyorsan\u0131z a\u015fa\u011f\u0131daki belgeleri doldurarak \u0131slak imzal\u0131 \u015fekilde bize ula\u015ft\u0131rabilirsiniz. Lisansl\u0131 bir sporcu oldu\u011funuz takdirde sezon i\u00e7erisinde ki b\u00fct\u00fcn federasyon e\u011fitim, yar\u0131\u015fma ve di\u011fer faaliyetlere kat\u0131lma hakk\u0131n\u0131z olur, ayn\u0131 zamanda bu aktiviteleriniz resmi olarak [&hellip;]\" \/>\n<meta property=\"og:url\" content=\"https:\/\/www.kuzeyyildizidagcilik.com\/index.php\/bilgi-formlari\/\" \/>\n<meta property=\"og:site_name\" content=\"Kuzey Y\u0131ld\u0131z\u0131 Da\u011fc\u0131l\u0131k ve Do\u011fa Sporlar\u0131 \u0130htisas Spor Kul\u00fcb\u00fc\" \/>\n<meta property=\"article:publisher\" content=\"https:\/\/www.facebook.com\/kuzeyyildizidagcilik\" \/>\n<meta property=\"article:modified_time\" content=\"2026-01-07T08:44:18+00:00\" \/>\n<meta name=\"twitter:card\" content=\"summary_large_image\" \/>\n<meta name=\"twitter:site\" content=\"@kuzeyyildizidag\" \/>\n<meta name=\"twitter:label1\" content=\"Tahmini okuma s\u00fcresi\" \/>\n\t<meta name=\"twitter:data1\" content=\"1 dakika\" \/>\n<script type=\"application\/ld+json\" class=\"yoast-schema-graph\">{\"@context\":\"https:\/\/schema.org\",\"@graph\":[{\"@type\":\"WebPage\",\"@id\":\"https:\/\/www.kuzeyyildizidagcilik.com\/index.php\/bilgi-formlari\/\",\"url\":\"https:\/\/www.kuzeyyildizidagcilik.com\/index.php\/bilgi-formlari\/\",\"name\":\"Lisans \u0130\u015flemleri &#171; Kuzey Y\u0131ld\u0131z\u0131 Da\u011fc\u0131l\u0131k ve Do\u011fa Sporlar\u0131 \u0130htisas Spor Kul\u00fcb\u00fc\",\"isPartOf\":{\"@id\":\"https:\/\/www.kuzeyyildizidagcilik.com\/#website\"},\"datePublished\":\"2023-12-21T13:01:11+00:00\",\"dateModified\":\"2026-01-07T08:44:18+00:00\",\"breadcrumb\":{\"@id\":\"https:\/\/www.kuzeyyildizidagcilik.com\/index.php\/bilgi-formlari\/#breadcrumb\"},\"inLanguage\":\"tr\",\"potentialAction\":[{\"@type\":\"ReadAction\",\"target\":[\"https:\/\/www.kuzeyyildizidagcilik.com\/index.php\/bilgi-formlari\/\"]}]},{\"@type\":\"BreadcrumbList\",\"@id\":\"https:\/\/www.kuzeyyildizidagcilik.com\/index.php\/bilgi-formlari\/#breadcrumb\",\"itemListElement\":[{\"@type\":\"ListItem\",\"position\":1,\"name\":\"Anasayfa\",\"item\":\"https:\/\/www.kuzeyyildizidagcilik.com\/\"},{\"@type\":\"ListItem\",\"position\":2,\"name\":\"Lisans \u0130\u015flemleri\"}]},{\"@type\":\"WebSite\",\"@id\":\"https:\/\/www.kuzeyyildizidagcilik.com\/#website\",\"url\":\"https:\/\/www.kuzeyyildizidagcilik.com\/\",\"name\":\"Kuzey Y\u0131ld\u0131z\u0131 Da\u011fc\u0131l\u0131k ve Do\u011fa Sporlar\u0131 \u0130htisas Kul\u00fcb\u00fc\",\"description\":\"Maceran\u0131n Y\u00fckseli\u015fle Bulu\u015ftu\u011fu Yer!\",\"publisher\":{\"@id\":\"https:\/\/www.kuzeyyildizidagcilik.com\/#organization\"},\"potentialAction\":[{\"@type\":\"SearchAction\",\"target\":{\"@type\":\"EntryPoint\",\"urlTemplate\":\"https:\/\/www.kuzeyyildizidagcilik.com\/?s={search_term_string}\"},\"query-input\":{\"@type\":\"PropertyValueSpecification\",\"valueRequired\":true,\"valueName\":\"search_term_string\"}}],\"inLanguage\":\"tr\"},{\"@type\":\"Organization\",\"@id\":\"https:\/\/www.kuzeyyildizidagcilik.com\/#organization\",\"name\":\"Kuzey Y\u0131ld\u0131z\u0131 Da\u011fc\u0131l\u0131k ve Do\u011fa Sporlar\u0131 \u0130htisas Kul\u00fcb\u00fc\",\"url\":\"https:\/\/www.kuzeyyildizidagcilik.com\/\",\"logo\":{\"@type\":\"ImageObject\",\"inLanguage\":\"tr\",\"@id\":\"https:\/\/www.kuzeyyildizidagcilik.com\/#\/schema\/logo\/image\/\",\"url\":\"https:\/\/www.kuzeyyildizidagcilik.com\/wp-content\/uploads\/2022\/12\/Kuzey-Yildizi-Dagcilik-ve-Doga-Sporlari-Ihtisas-Kulubu-Logo.png\",\"contentUrl\":\"https:\/\/www.kuzeyyildizidagcilik.com\/wp-content\/uploads\/2022\/12\/Kuzey-Yildizi-Dagcilik-ve-Doga-Sporlari-Ihtisas-Kulubu-Logo.png\",\"width\":512,\"height\":512,\"caption\":\"Kuzey Y\u0131ld\u0131z\u0131 Da\u011fc\u0131l\u0131k ve Do\u011fa Sporlar\u0131 \u0130htisas Kul\u00fcb\u00fc\"},\"image\":{\"@id\":\"https:\/\/www.kuzeyyildizidagcilik.com\/#\/schema\/logo\/image\/\"},\"sameAs\":[\"https:\/\/www.facebook.com\/kuzeyyildizidagcilik\",\"https:\/\/x.com\/kuzeyyildizidag\",\"https:\/\/www.instagram.com\/kuzeyyildizidagcilik\/\"]}]}<\/script>\n<!-- \/ Yoast SEO plugin. -->","yoast_head_json":{"title":"Lisans \u0130\u015flemleri &#171; Kuzey Y\u0131ld\u0131z\u0131 Da\u011fc\u0131l\u0131k ve Do\u011fa Sporlar\u0131 \u0130htisas Spor Kul\u00fcb\u00fc","robots":{"index":"index","follow":"follow","max-snippet":"max-snippet:-1","max-image-preview":"max-image-preview:large","max-video-preview":"max-video-preview:-1"},"canonical":"https:\/\/www.kuzeyyildizidagcilik.com\/index.php\/bilgi-formlari\/","og_locale":"tr_TR","og_type":"article","og_title":"Lisans \u0130\u015flemleri &#171; Kuzey Y\u0131ld\u0131z\u0131 Da\u011fc\u0131l\u0131k ve Do\u011fa Sporlar\u0131 \u0130htisas Spor Kul\u00fcb\u00fc","og_description":"Lisans \u0130\u015femleri Kuzey Y\u0131ld\u0131z\u0131 Da\u011fc\u0131l\u0131k ve Do\u011fa Sporlar\u0131 \u0130htisas Spor Kul\u00fcb\u00fcm\u00fcze kat\u0131l\u0131p yeni lisans \u00e7\u0131kartmak veya ba\u015fka kul\u00fcpte ki lisans\u0131n\u0131z\u0131 transfer etmek istiyorsan\u0131z a\u015fa\u011f\u0131daki belgeleri doldurarak \u0131slak imzal\u0131 \u015fekilde bize ula\u015ft\u0131rabilirsiniz. Lisansl\u0131 bir sporcu oldu\u011funuz takdirde sezon i\u00e7erisinde ki b\u00fct\u00fcn federasyon e\u011fitim, yar\u0131\u015fma ve di\u011fer faaliyetlere kat\u0131lma hakk\u0131n\u0131z olur, ayn\u0131 zamanda bu aktiviteleriniz resmi olarak [&hellip;]","og_url":"https:\/\/www.kuzeyyildizidagcilik.com\/index.php\/bilgi-formlari\/","og_site_name":"Kuzey Y\u0131ld\u0131z\u0131 Da\u011fc\u0131l\u0131k ve Do\u011fa Sporlar\u0131 \u0130htisas Spor Kul\u00fcb\u00fc","article_publisher":"https:\/\/www.facebook.com\/kuzeyyildizidagcilik","article_modified_time":"2026-01-07T08:44:18+00:00","twitter_card":"summary_large_image","twitter_site":"@kuzeyyildizidag","twitter_misc":{"Tahmini okuma s\u00fcresi":"1 dakika"},"schema":{"@context":"https:\/\/schema.org","@graph":[{"@type":"WebPage","@id":"https:\/\/www.kuzeyyildizidagcilik.com\/index.php\/bilgi-formlari\/","url":"https:\/\/www.kuzeyyildizidagcilik.com\/index.php\/bilgi-formlari\/","name":"Lisans \u0130\u015flemleri &#171; Kuzey Y\u0131ld\u0131z\u0131 Da\u011fc\u0131l\u0131k ve Do\u011fa Sporlar\u0131 \u0130htisas Spor Kul\u00fcb\u00fc","isPartOf":{"@id":"https:\/\/www.kuzeyyildizidagcilik.com\/#website"},"datePublished":"2023-12-21T13:01:11+00:00","dateModified":"2026-01-07T08:44:18+00:00","breadcrumb":{"@id":"https:\/\/www.kuzeyyildizidagcilik.com\/index.php\/bilgi-formlari\/#breadcrumb"},"inLanguage":"tr","potentialAction":[{"@type":"ReadAction","target":["https:\/\/www.kuzeyyildizidagcilik.com\/index.php\/bilgi-formlari\/"]}]},{"@type":"BreadcrumbList","@id":"https:\/\/www.kuzeyyildizidagcilik.com\/index.php\/bilgi-formlari\/#breadcrumb","itemListElement":[{"@type":"ListItem","position":1,"name":"Anasayfa","item":"https:\/\/www.kuzeyyildizidagcilik.com\/"},{"@type":"ListItem","position":2,"name":"Lisans \u0130\u015flemleri"}]},{"@type":"WebSite","@id":"https:\/\/www.kuzeyyildizidagcilik.com\/#website","url":"https:\/\/www.kuzeyyildizidagcilik.com\/","name":"Kuzey Y\u0131ld\u0131z\u0131 Da\u011fc\u0131l\u0131k ve Do\u011fa Sporlar\u0131 \u0130htisas Kul\u00fcb\u00fc","description":"Maceran\u0131n Y\u00fckseli\u015fle Bulu\u015ftu\u011fu Yer!","publisher":{"@id":"https:\/\/www.kuzeyyildizidagcilik.com\/#organization"},"potentialAction":[{"@type":"SearchAction","target":{"@type":"EntryPoint","urlTemplate":"https:\/\/www.kuzeyyildizidagcilik.com\/?s={search_term_string}"},"query-input":{"@type":"PropertyValueSpecification","valueRequired":true,"valueName":"search_term_string"}}],"inLanguage":"tr"},{"@type":"Organization","@id":"https:\/\/www.kuzeyyildizidagcilik.com\/#organization","name":"Kuzey Y\u0131ld\u0131z\u0131 Da\u011fc\u0131l\u0131k ve Do\u011fa Sporlar\u0131 \u0130htisas Kul\u00fcb\u00fc","url":"https:\/\/www.kuzeyyildizidagcilik.com\/","logo":{"@type":"ImageObject","inLanguage":"tr","@id":"https:\/\/www.kuzeyyildizidagcilik.com\/#\/schema\/logo\/image\/","url":"https:\/\/www.kuzeyyildizidagcilik.com\/wp-content\/uploads\/2022\/12\/Kuzey-Yildizi-Dagcilik-ve-Doga-Sporlari-Ihtisas-Kulubu-Logo.png","contentUrl":"https:\/\/www.kuzeyyildizidagcilik.com\/wp-content\/uploads\/2022\/12\/Kuzey-Yildizi-Dagcilik-ve-Doga-Sporlari-Ihtisas-Kulubu-Logo.png","width":512,"height":512,"caption":"Kuzey Y\u0131ld\u0131z\u0131 Da\u011fc\u0131l\u0131k ve Do\u011fa Sporlar\u0131 \u0130htisas Kul\u00fcb\u00fc"},"image":{"@id":"https:\/\/www.kuzeyyildizidagcilik.com\/#\/schema\/logo\/image\/"},"sameAs":["https:\/\/www.facebook.com\/kuzeyyildizidagcilik","https:\/\/x.com\/kuzeyyildizidag","https:\/\/www.instagram.com\/kuzeyyildizidagcilik\/"]}]}},"_links":{"self":[{"href":"https:\/\/www.kuzeyyildizidagcilik.com\/index.php\/wp-json\/wp\/v2\/pages\/305","targetHints":{"allow":["GET"]}}],"collection":[{"href":"https:\/\/www.kuzeyyildizidagcilik.com\/index.php\/wp-json\/wp\/v2\/pages"}],"about":[{"href":"https:\/\/www.kuzeyyildizidagcilik.com\/index.php\/wp-json\/wp\/v2\/types\/page"}],"author":[{"embeddable":true,"href":"https:\/\/www.kuzeyyildizidagcilik.com\/index.php\/wp-json\/wp\/v2\/users\/1"}],"replies":[{"embeddable":true,"href":"https:\/\/www.kuzeyyildizidagcilik.com\/index.php\/wp-json\/wp\/v2\/comments?post=305"}],"version-history":[{"count":15,"href":"https:\/\/www.kuzeyyildizidagcilik.com\/index.php\/wp-json\/wp\/v2\/pages\/305\/revisions"}],"predecessor-version":[{"id":627,"href":"https:\/\/www.kuzeyyildizidagcilik.com\/index.php\/wp-json\/wp\/v2\/pages\/305\/revisions\/627"}],"wp:attachment":[{"href":"https:\/\/www.kuzeyyildizidagcilik.com\/index.php\/wp-json\/wp\/v2\/media?parent=305"}],"curies":[{"name":"wp","href":"https:\/\/api.w.org\/{rel}","templated":true}]}}