{"id":286,"date":"2025-08-06T15:40:27","date_gmt":"2025-08-06T15:40:27","guid":{"rendered":"https:\/\/www.kuzeyyildizidagcilik.com\/?page_id=286"},"modified":"2025-08-06T15:58:01","modified_gmt":"2025-08-06T15:58:01","slug":"faaliyetbasvuru","status":"publish","type":"page","link":"https:\/\/www.kuzeyyildizidagcilik.com\/index.php\/faaliyetbasvuru\/","title":{"rendered":"Faliyet Ba\u015fvuru Formu"},"content":{"rendered":"<div>\n\n<div class=\"wpcf7 no-js\" id=\"wpcf7-f595-o1\" lang=\"tr-TR\" dir=\"ltr\" data-wpcf7-id=\"595\">\n<div class=\"screen-reader-response\"><p role=\"status\" aria-live=\"polite\" aria-atomic=\"true\"><\/p> <ul><\/ul><\/div>\n<form action=\"\/index.php\/wp-json\/wp\/v2\/pages\/286#wpcf7-f595-o1\" method=\"post\" class=\"wpcf7-form init\" aria-label=\"\u0130leti\u015fim Formu\" novalidate=\"novalidate\" data-status=\"init\">\n<fieldset class=\"hidden-fields-container\"><input type=\"hidden\" name=\"_wpcf7\" value=\"595\" \/><input type=\"hidden\" name=\"_wpcf7_version\" value=\"6.1.4\" \/><input type=\"hidden\" name=\"_wpcf7_locale\" value=\"tr_TR\" \/><input type=\"hidden\" name=\"_wpcf7_unit_tag\" value=\"wpcf7-f595-o1\" \/><input type=\"hidden\" name=\"_wpcf7_container_post\" value=\"0\" \/><input type=\"hidden\" name=\"_wpcf7_posted_data_hash\" value=\"\" \/>\n<\/fieldset>\n<div class=\"uk-grid-margin uk-first-column\">\n\t<p>Talep Etti\u011finiz E\u011fitimi se\u00e7iniz.<br \/>\n<span class=\"wpcf7-form-control-wrap\" data-name=\"FAALIYETBASVURU\"><select class=\"wpcf7-form-control wpcf7-select wpcf7-validates-as-required el-input uk-input\" aria-required=\"true\" aria-invalid=\"false\" name=\"FAALIYETBASVURU\"><option value=\"\">&#8212;L\u00fctfen bir se\u00e7enek se\u00e7in&#8212;<\/option><option value=\"6-7 Eyl\u00fcl 2025 Besim KAZDAL an\u0131s\u0131na Kemerli Ka\u00e7kar\">6-7 Eyl\u00fcl 2025 Besim KAZDAL an\u0131s\u0131na Kemerli Ka\u00e7kar<\/option><\/select><\/span>\n\t<\/p>\n<\/div>\n<div class=\"uk-grid-margin uk-first-column\">\n\t<p>Ad Soyad:<span class=\"wpcf7-form-control-wrap\" data-name=\"ADSOYAD\"><input size=\"40\" maxlength=\"400\" class=\"wpcf7-form-control wpcf7-text wpcf7-validates-as-required el-input uk-input\" aria-required=\"true\" aria-invalid=\"false\" value=\"\" type=\"text\" name=\"ADSOYAD\" \/><\/span>\n\t<\/p>\n<\/div>\n<div class=\"uk-child-width-1-2@s uk-grid\" uk-grid=\"\">\n\t<div class=\"uk-first-column\">\n\t\t<p>\u015eehir:<span class=\"wpcf7-form-control-wrap\" data-name=\"SEHIR\"><input size=\"40\" maxlength=\"400\" class=\"wpcf7-form-control wpcf7-text wpcf7-validates-as-required el-input uk-input\" aria-required=\"true\" aria-invalid=\"false\" value=\"\" type=\"text\" name=\"SEHIR\" \/><\/span>\n\t\t<\/p>\n\t<\/div>\n\t<div>\n\t\t<p>Do\u011fum Tarihi:<span class=\"wpcf7-form-control-wrap\" data-name=\"DOGUMTARIHI\"><input class=\"wpcf7-form-control wpcf7-date wpcf7-validates-as-required wpcf7-validates-as-date el-input uk-input\" aria-required=\"true\" aria-invalid=\"false\" value=\"\" type=\"date\" name=\"DOGUMTARIHI\" \/><\/span>\n\t\t<\/p>\n\t<\/div>\n<\/div>\n<div class=\"uk-child-width-1-2@s uk-grid\" uk-grid=\"\">\n\t<div class=\"uk-first-column\">\n\t\t<p>TC Kimlik No:<span class=\"wpcf7-form-control-wrap\" data-name=\"TC\"><input size=\"40\" maxlength=\"400\" class=\"wpcf7-form-control wpcf7-text wpcf7-validates-as-required el-input uk-input\" aria-required=\"true\" aria-invalid=\"false\" value=\"\" type=\"text\" name=\"TC\" \/><\/span>\n\t\t<\/p>\n\t<\/div>\n\t<div>\n\t\t<p>Var \u0130se Lisans Numaran\u0131z\u0131 XX-XX-XXXXXX \u015eeklinde Giriniz:<span class=\"wpcf7-form-control-wrap\" data-name=\"LISANS\"><input size=\"40\" maxlength=\"400\" class=\"wpcf7-form-control wpcf7-text el-input uk-input\" aria-invalid=\"false\" value=\"\" type=\"text\" name=\"LISANS\" \/><\/span>\n\t\t<\/p>\n\t<\/div>\n<\/div>\n<div class=\"uk-child-width-1-2@s uk-grid\" uk-grid=\"\">\n\t<div class=\"uk-first-column\">\n\t\t<p>Telefon:<span class=\"wpcf7-form-control-wrap\" data-name=\"TEL\"><input size=\"40\" maxlength=\"400\" class=\"wpcf7-form-control wpcf7-tel wpcf7-validates-as-required wpcf7-text wpcf7-validates-as-tel el-input uk-input\" aria-required=\"true\" aria-invalid=\"false\" value=\"\" type=\"tel\" name=\"TEL\" \/><\/span>\n\t\t<\/p>\n\t<\/div>\n\t<div>\n\t\t<p>E-mail Adres:<span class=\"wpcf7-form-control-wrap\" data-name=\"E-MAIL\"><input size=\"40\" maxlength=\"400\" class=\"wpcf7-form-control wpcf7-email wpcf7-validates-as-required wpcf7-text wpcf7-validates-as-email el-input uk-input\" aria-required=\"true\" aria-invalid=\"false\" value=\"\" type=\"email\" name=\"E-MAIL\" \/><\/span>\n\t\t<\/p>\n\t<\/div>\n<\/div>\n<div class=\"uk-child-width-1-2@s uk-grid\" uk-grid=\"\">\n\t<div class=\"uk-first-column\">\n\t\t<p>Ula\u015f\u0131m <span class=\"wpcf7-form-control-wrap\" data-name=\"ARAC\"><span class=\"wpcf7-form-control wpcf7-radio\"><span class=\"wpcf7-list-item first\"><label><input type=\"radio\" name=\"ARAC\" value=\"Faliyet Arac\u0131 ile\" \/><span class=\"wpcf7-list-item-label\">Faliyet Arac\u0131 ile<\/span><\/label><\/span><span class=\"wpcf7-list-item last\"><label><input type=\"radio\" name=\"ARAC\" value=\"Kendi arac\u0131mla\" \/><span class=\"wpcf7-list-item-label\">Kendi arac\u0131mla<\/span><\/label><\/span><\/span><\/span>\n\t\t<\/p>\n\t<\/div>\n\t<div>\n\t\t<p><b>Kask, \u00c7ad\u0131r, tulum, mat, ya\u011fmurluk, bot, kampset vs. da\u011fc\u0131l\u0131k ekipmanlar\u0131n\u0131n olmas\u0131 zorunludur, ekipmanlara sahip olmayanlar\u0131n kay\u0131tlar\u0131 ge\u00e7ersiz say\u0131lacakt\u0131r.<\/b><!-- -->\n\t\t<\/p>\n\t<\/div>\n<\/div>\n<div class=\"uk-child-width-1-2@s uk-grid\" uk-grid=\"\">\n\t<div class=\"uk-first-column\">\n\t\t<p><span class=\"wpcf7-form-control-wrap\" data-name=\"EKIPMAN\"><span class=\"wpcf7-form-control wpcf7-acceptance\"><span class=\"wpcf7-list-item\"><label><input type=\"checkbox\" name=\"EKIPMAN\" value=\"1\" aria-invalid=\"false\" \/><span class=\"wpcf7-list-item-label\">Gerekli b\u00fct\u00fcn ekipman\u0131m ve yeterli tecr\u00fcbem var.<\/span><\/label><\/span><\/span><\/span>\n\t\t<\/p>\n\t<\/div>\n\t<div>\n\t\t<p><input class=\"wpcf7-form-control wpcf7-submit has-spinner el-button uk-button uk-button-primary\" type=\"submit\" value=\"G\u00f6nder\" \/>\n\t\t<\/p>\n\t<\/div>\n<\/div>\n<hr \/>\n<p class=\"has-text-align-center\"><strong><em>Kuzey Y\u0131ld\u0131z\u0131 Da\u011fc\u0131l\u0131k ve Do\u011fa Sporlar\u0131 \u0130htisas Spor Kul\u00fcb\u00fc<\/em><\/strong>\n<\/p><p style=\"display: none !important;\" class=\"akismet-fields-container\" data-prefix=\"_wpcf7_ak_\"><label>&#916;<textarea name=\"_wpcf7_ak_hp_textarea\" cols=\"45\" rows=\"8\" maxlength=\"100\"><\/textarea><\/label><input type=\"hidden\" id=\"ak_js_1\" name=\"_wpcf7_ak_js\" value=\"227\"\/><script>document.getElementById( \"ak_js_1\" ).setAttribute( \"value\", ( new Date() ).getTime() );<\/script><\/p><div class=\"wpcf7-response-output\" aria-hidden=\"true\"><\/div>\n<\/form>\n<\/div>\n<\/div>\n<p><!--more--><br \/>\n<!-- {\"type\":\"layout\",\"children\":[{\"type\":\"section\",\"props\":{\"image_position\":\"center-center\",\"style\":\"default\",\"title_breakpoint\":\"xl\",\"title_position\":\"top-left\",\"title_rotation\":\"left\",\"vertical_align\":\"middle\",\"width\":\"default\"},\"children\":[{\"type\":\"row\",\"children\":[{\"type\":\"column\",\"props\":{\"image_position\":\"center-center\",\"position_sticky_breakpoint\":\"m\"},\"children\":[{\"type\":\"html\",\"props\":{\"content\":\"[contact-form-7 id=\\\"70b8e3b\\\" title=\\\"FaliyetBasvuru\\\"]\"}}]}]}]},{\"type\":\"section\",\"props\":{\"animation\":\"slide-right\",\"image_position\":\"center-center\",\"overlap\":true,\"padding\":\"xsmall\",\"style\":\"muted\",\"title\":\"Son Yaz\\u0131lar\",\"title_breakpoint\":\"xl\",\"title_position\":\"top-left\",\"title_rotation\":\"left\",\"vertical_align\":\"middle\",\"width\":\"default\"},\"children\":[{\"type\":\"row\",\"children\":[{\"type\":\"column\",\"props\":{\"image_position\":\"center-center\",\"position_sticky_breakpoint\":\"m\"},\"children\":[{\"type\":\"module\",\"props\":{\"menu_image_align\":\"center\",\"menu_image_margin\":true,\"menu_style\":\"default\",\"menu_type\":\"nav\",\"type\":\"widgetkit\",\"widget\":\"widgetkit-3\"},\"name\":\"Sonyaz\\u0131lar\"}]}]}],\"name\":\"Son Yaz\\u0131lar\"}],\"version\":\"4.2.11\"} --><\/p>\n","protected":false},"excerpt":{"rendered":"","protected":false},"author":1,"featured_media":0,"parent":0,"menu_order":0,"comment_status":"closed","ping_status":"closed","template":"","meta":{"footnotes":""},"class_list":["post-286","page","type-page","status-publish","hentry"],"yoast_head":"<!-- This site is optimized with the Yoast SEO plugin v26.6 - https:\/\/yoast.com\/wordpress\/plugins\/seo\/ -->\n<title>Faliyet Ba\u015fvuru Formu &#171; Kuzey Y\u0131ld\u0131z\u0131 Da\u011fc\u0131l\u0131k ve Do\u011fa Sporlar\u0131 \u0130htisas Spor Kul\u00fcb\u00fc<\/title>\n<meta name=\"robots\" content=\"index, follow, max-snippet:-1, max-image-preview:large, max-video-preview:-1\" \/>\n<link rel=\"canonical\" href=\"https:\/\/www.kuzeyyildizidagcilik.com\/index.php\/faaliyetbasvuru\/\" \/>\n<meta property=\"og:locale\" content=\"tr_TR\" \/>\n<meta property=\"og:type\" content=\"article\" \/>\n<meta property=\"og:title\" content=\"Faliyet Ba\u015fvuru Formu &#171; Kuzey Y\u0131ld\u0131z\u0131 Da\u011fc\u0131l\u0131k ve Do\u011fa Sporlar\u0131 \u0130htisas Spor Kul\u00fcb\u00fc\" \/>\n<meta property=\"og:url\" content=\"https:\/\/www.kuzeyyildizidagcilik.com\/index.php\/faaliyetbasvuru\/\" \/>\n<meta property=\"og:site_name\" content=\"Kuzey Y\u0131ld\u0131z\u0131 Da\u011fc\u0131l\u0131k ve Do\u011fa Sporlar\u0131 \u0130htisas Spor Kul\u00fcb\u00fc\" \/>\n<meta property=\"article:publisher\" content=\"https:\/\/www.facebook.com\/kuzeyyildizidagcilik\" \/>\n<meta property=\"article:modified_time\" content=\"2025-08-06T15:58:01+00:00\" \/>\n<meta name=\"twitter:card\" content=\"summary_large_image\" \/>\n<meta name=\"twitter:site\" content=\"@kuzeyyildizidag\" \/>\n<meta name=\"twitter:label1\" content=\"Tahmini okuma s\u00fcresi\" \/>\n\t<meta name=\"twitter:data1\" content=\"1 dakika\" \/>\n<script type=\"application\/ld+json\" class=\"yoast-schema-graph\">{\"@context\":\"https:\/\/schema.org\",\"@graph\":[{\"@type\":\"WebPage\",\"@id\":\"https:\/\/www.kuzeyyildizidagcilik.com\/index.php\/faaliyetbasvuru\/\",\"url\":\"https:\/\/www.kuzeyyildizidagcilik.com\/index.php\/faaliyetbasvuru\/\",\"name\":\"Faliyet Ba\u015fvuru Formu &#171; Kuzey Y\u0131ld\u0131z\u0131 Da\u011fc\u0131l\u0131k ve Do\u011fa Sporlar\u0131 \u0130htisas Spor Kul\u00fcb\u00fc\",\"isPartOf\":{\"@id\":\"https:\/\/www.kuzeyyildizidagcilik.com\/#website\"},\"datePublished\":\"2025-08-06T15:40:27+00:00\",\"dateModified\":\"2025-08-06T15:58:01+00:00\",\"breadcrumb\":{\"@id\":\"https:\/\/www.kuzeyyildizidagcilik.com\/index.php\/faaliyetbasvuru\/#breadcrumb\"},\"inLanguage\":\"tr\",\"potentialAction\":[{\"@type\":\"ReadAction\",\"target\":[\"https:\/\/www.kuzeyyildizidagcilik.com\/index.php\/faaliyetbasvuru\/\"]}]},{\"@type\":\"BreadcrumbList\",\"@id\":\"https:\/\/www.kuzeyyildizidagcilik.com\/index.php\/faaliyetbasvuru\/#breadcrumb\",\"itemListElement\":[{\"@type\":\"ListItem\",\"position\":1,\"name\":\"Anasayfa\",\"item\":\"https:\/\/www.kuzeyyildizidagcilik.com\/\"},{\"@type\":\"ListItem\",\"position\":2,\"name\":\"Faliyet Ba\u015fvuru Formu\"}]},{\"@type\":\"WebSite\",\"@id\":\"https:\/\/www.kuzeyyildizidagcilik.com\/#website\",\"url\":\"https:\/\/www.kuzeyyildizidagcilik.com\/\",\"name\":\"Kuzey Y\u0131ld\u0131z\u0131 Da\u011fc\u0131l\u0131k ve Do\u011fa Sporlar\u0131 \u0130htisas Kul\u00fcb\u00fc\",\"description\":\"Maceran\u0131n Y\u00fckseli\u015fle Bulu\u015ftu\u011fu Yer!\",\"publisher\":{\"@id\":\"https:\/\/www.kuzeyyildizidagcilik.com\/#organization\"},\"potentialAction\":[{\"@type\":\"SearchAction\",\"target\":{\"@type\":\"EntryPoint\",\"urlTemplate\":\"https:\/\/www.kuzeyyildizidagcilik.com\/?s={search_term_string}\"},\"query-input\":{\"@type\":\"PropertyValueSpecification\",\"valueRequired\":true,\"valueName\":\"search_term_string\"}}],\"inLanguage\":\"tr\"},{\"@type\":\"Organization\",\"@id\":\"https:\/\/www.kuzeyyildizidagcilik.com\/#organization\",\"name\":\"Kuzey Y\u0131ld\u0131z\u0131 Da\u011fc\u0131l\u0131k ve Do\u011fa Sporlar\u0131 \u0130htisas Kul\u00fcb\u00fc\",\"url\":\"https:\/\/www.kuzeyyildizidagcilik.com\/\",\"logo\":{\"@type\":\"ImageObject\",\"inLanguage\":\"tr\",\"@id\":\"https:\/\/www.kuzeyyildizidagcilik.com\/#\/schema\/logo\/image\/\",\"url\":\"https:\/\/www.kuzeyyildizidagcilik.com\/wp-content\/uploads\/2022\/12\/Kuzey-Yildizi-Dagcilik-ve-Doga-Sporlari-Ihtisas-Kulubu-Logo.png\",\"contentUrl\":\"https:\/\/www.kuzeyyildizidagcilik.com\/wp-content\/uploads\/2022\/12\/Kuzey-Yildizi-Dagcilik-ve-Doga-Sporlari-Ihtisas-Kulubu-Logo.png\",\"width\":512,\"height\":512,\"caption\":\"Kuzey Y\u0131ld\u0131z\u0131 Da\u011fc\u0131l\u0131k ve Do\u011fa Sporlar\u0131 \u0130htisas Kul\u00fcb\u00fc\"},\"image\":{\"@id\":\"https:\/\/www.kuzeyyildizidagcilik.com\/#\/schema\/logo\/image\/\"},\"sameAs\":[\"https:\/\/www.facebook.com\/kuzeyyildizidagcilik\",\"https:\/\/x.com\/kuzeyyildizidag\",\"https:\/\/www.instagram.com\/kuzeyyildizidagcilik\/\"]}]}<\/script>\n<!-- \/ Yoast SEO plugin. -->","yoast_head_json":{"title":"Faliyet Ba\u015fvuru Formu &#171; Kuzey Y\u0131ld\u0131z\u0131 Da\u011fc\u0131l\u0131k ve Do\u011fa Sporlar\u0131 \u0130htisas Spor Kul\u00fcb\u00fc","robots":{"index":"index","follow":"follow","max-snippet":"max-snippet:-1","max-image-preview":"max-image-preview:large","max-video-preview":"max-video-preview:-1"},"canonical":"https:\/\/www.kuzeyyildizidagcilik.com\/index.php\/faaliyetbasvuru\/","og_locale":"tr_TR","og_type":"article","og_title":"Faliyet Ba\u015fvuru Formu &#171; Kuzey Y\u0131ld\u0131z\u0131 Da\u011fc\u0131l\u0131k ve Do\u011fa Sporlar\u0131 \u0130htisas Spor Kul\u00fcb\u00fc","og_url":"https:\/\/www.kuzeyyildizidagcilik.com\/index.php\/faaliyetbasvuru\/","og_site_name":"Kuzey Y\u0131ld\u0131z\u0131 Da\u011fc\u0131l\u0131k ve Do\u011fa Sporlar\u0131 \u0130htisas Spor Kul\u00fcb\u00fc","article_publisher":"https:\/\/www.facebook.com\/kuzeyyildizidagcilik","article_modified_time":"2025-08-06T15:58:01+00:00","twitter_card":"summary_large_image","twitter_site":"@kuzeyyildizidag","twitter_misc":{"Tahmini okuma s\u00fcresi":"1 dakika"},"schema":{"@context":"https:\/\/schema.org","@graph":[{"@type":"WebPage","@id":"https:\/\/www.kuzeyyildizidagcilik.com\/index.php\/faaliyetbasvuru\/","url":"https:\/\/www.kuzeyyildizidagcilik.com\/index.php\/faaliyetbasvuru\/","name":"Faliyet Ba\u015fvuru Formu &#171; Kuzey Y\u0131ld\u0131z\u0131 Da\u011fc\u0131l\u0131k ve Do\u011fa Sporlar\u0131 \u0130htisas Spor Kul\u00fcb\u00fc","isPartOf":{"@id":"https:\/\/www.kuzeyyildizidagcilik.com\/#website"},"datePublished":"2025-08-06T15:40:27+00:00","dateModified":"2025-08-06T15:58:01+00:00","breadcrumb":{"@id":"https:\/\/www.kuzeyyildizidagcilik.com\/index.php\/faaliyetbasvuru\/#breadcrumb"},"inLanguage":"tr","potentialAction":[{"@type":"ReadAction","target":["https:\/\/www.kuzeyyildizidagcilik.com\/index.php\/faaliyetbasvuru\/"]}]},{"@type":"BreadcrumbList","@id":"https:\/\/www.kuzeyyildizidagcilik.com\/index.php\/faaliyetbasvuru\/#breadcrumb","itemListElement":[{"@type":"ListItem","position":1,"name":"Anasayfa","item":"https:\/\/www.kuzeyyildizidagcilik.com\/"},{"@type":"ListItem","position":2,"name":"Faliyet Ba\u015fvuru Formu"}]},{"@type":"WebSite","@id":"https:\/\/www.kuzeyyildizidagcilik.com\/#website","url":"https:\/\/www.kuzeyyildizidagcilik.com\/","name":"Kuzey Y\u0131ld\u0131z\u0131 Da\u011fc\u0131l\u0131k ve Do\u011fa Sporlar\u0131 \u0130htisas Kul\u00fcb\u00fc","description":"Maceran\u0131n Y\u00fckseli\u015fle Bulu\u015ftu\u011fu Yer!","publisher":{"@id":"https:\/\/www.kuzeyyildizidagcilik.com\/#organization"},"potentialAction":[{"@type":"SearchAction","target":{"@type":"EntryPoint","urlTemplate":"https:\/\/www.kuzeyyildizidagcilik.com\/?s={search_term_string}"},"query-input":{"@type":"PropertyValueSpecification","valueRequired":true,"valueName":"search_term_string"}}],"inLanguage":"tr"},{"@type":"Organization","@id":"https:\/\/www.kuzeyyildizidagcilik.com\/#organization","name":"Kuzey Y\u0131ld\u0131z\u0131 Da\u011fc\u0131l\u0131k ve Do\u011fa Sporlar\u0131 \u0130htisas Kul\u00fcb\u00fc","url":"https:\/\/www.kuzeyyildizidagcilik.com\/","logo":{"@type":"ImageObject","inLanguage":"tr","@id":"https:\/\/www.kuzeyyildizidagcilik.com\/#\/schema\/logo\/image\/","url":"https:\/\/www.kuzeyyildizidagcilik.com\/wp-content\/uploads\/2022\/12\/Kuzey-Yildizi-Dagcilik-ve-Doga-Sporlari-Ihtisas-Kulubu-Logo.png","contentUrl":"https:\/\/www.kuzeyyildizidagcilik.com\/wp-content\/uploads\/2022\/12\/Kuzey-Yildizi-Dagcilik-ve-Doga-Sporlari-Ihtisas-Kulubu-Logo.png","width":512,"height":512,"caption":"Kuzey Y\u0131ld\u0131z\u0131 Da\u011fc\u0131l\u0131k ve Do\u011fa Sporlar\u0131 \u0130htisas Kul\u00fcb\u00fc"},"image":{"@id":"https:\/\/www.kuzeyyildizidagcilik.com\/#\/schema\/logo\/image\/"},"sameAs":["https:\/\/www.facebook.com\/kuzeyyildizidagcilik","https:\/\/x.com\/kuzeyyildizidag","https:\/\/www.instagram.com\/kuzeyyildizidagcilik\/"]}]}},"_links":{"self":[{"href":"https:\/\/www.kuzeyyildizidagcilik.com\/index.php\/wp-json\/wp\/v2\/pages\/286","targetHints":{"allow":["GET"]}}],"collection":[{"href":"https:\/\/www.kuzeyyildizidagcilik.com\/index.php\/wp-json\/wp\/v2\/pages"}],"about":[{"href":"https:\/\/www.kuzeyyildizidagcilik.com\/index.php\/wp-json\/wp\/v2\/types\/page"}],"author":[{"embeddable":true,"href":"https:\/\/www.kuzeyyildizidagcilik.com\/index.php\/wp-json\/wp\/v2\/users\/1"}],"replies":[{"embeddable":true,"href":"https:\/\/www.kuzeyyildizidagcilik.com\/index.php\/wp-json\/wp\/v2\/comments?post=286"}],"version-history":[{"count":12,"href":"https:\/\/www.kuzeyyildizidagcilik.com\/index.php\/wp-json\/wp\/v2\/pages\/286\/revisions"}],"predecessor-version":[{"id":607,"href":"https:\/\/www.kuzeyyildizidagcilik.com\/index.php\/wp-json\/wp\/v2\/pages\/286\/revisions\/607"}],"wp:attachment":[{"href":"https:\/\/www.kuzeyyildizidagcilik.com\/index.php\/wp-json\/wp\/v2\/media?parent=286"}],"curies":[{"name":"wp","href":"https:\/\/api.w.org\/{rel}","templated":true}]}}